{"id":1762,"date":"2023-01-22T15:17:01","date_gmt":"2023-01-22T14:17:01","guid":{"rendered":"https:\/\/floriandaudedancestudio.com\/?page_id=1762"},"modified":"2023-01-22T15:19:21","modified_gmt":"2023-01-22T14:19:21","slug":"2012-2","status":"publish","type":"page","link":"https:\/\/floriandaudedancestudio.com\/index.php\/2012-2\/","title":{"rendered":"2012"},"content":{"rendered":"\t\t<div data-elementor-type=\"wp-page\" data-elementor-id=\"1762\" class=\"elementor elementor-1762\">\n\t\t\t\t\t\t<section class=\"elementor-section elementor-top-section elementor-element elementor-element-64e5e1f elementor-section-boxed elementor-section-height-default elementor-section-height-default\" data-id=\"64e5e1f\" data-element_type=\"section\">\n\t\t\t\t\t\t<div class=\"elementor-container elementor-column-gap-default\">\n\t\t\t\t\t<div class=\"elementor-column elementor-col-100 elementor-top-column elementor-element elementor-element-c7942e9\" data-id=\"c7942e9\" data-element_type=\"column\">\n\t\t\t<div class=\"elementor-widget-wrap elementor-element-populated\">\n\t\t\t\t\t\t<div class=\"elementor-element elementor-element-c0f214c elementor-widget elementor-widget-spacer\" data-id=\"c0f214c\" data-element_type=\"widget\" data-widget_type=\"spacer.default\">\n\t\t\t\t<div class=\"elementor-widget-container\">\n\t\t\t\t\t<div class=\"elementor-spacer\">\n\t\t\t<div class=\"elementor-spacer-inner\"><\/div>\n\t\t<\/div>\n\t\t\t\t<\/div>\n\t\t\t\t<\/div>\n\t\t\t\t<div class=\"elementor-element elementor-element-470aba8 elementor-widget elementor-widget-heading\" data-id=\"470aba8\" data-element_type=\"widget\" data-widget_type=\"heading.default\">\n\t\t\t\t<div class=\"elementor-widget-container\">\n\t\t\t<h2 class=\"elementor-heading-title elementor-size-default\">2012<\/h2>\t\t<\/div>\n\t\t\t\t<\/div>\n\t\t\t\t\t<\/div>\n\t\t<\/div>\n\t\t\t\t\t<\/div>\n\t\t<\/section>\n\t\t\t\t<section class=\"elementor-section elementor-top-section elementor-element elementor-element-e4ebdfc elementor-section-boxed elementor-section-height-default elementor-section-height-default\" data-id=\"e4ebdfc\" data-element_type=\"section\">\n\t\t\t\t\t\t<div class=\"elementor-container elementor-column-gap-default\">\n\t\t\t\t\t<div class=\"elementor-column elementor-col-100 elementor-top-column elementor-element elementor-element-5928878\" data-id=\"5928878\" data-element_type=\"column\">\n\t\t\t<div class=\"elementor-widget-wrap elementor-element-populated\">\n\t\t\t\t\t\t<div class=\"elementor-element elementor-element-f18de29 elementor-widget elementor-widget-heading\" data-id=\"f18de29\" data-element_type=\"widget\" data-widget_type=\"heading.default\">\n\t\t\t\t<div class=\"elementor-widget-container\">\n\t\t\t<h2 class=\"elementor-heading-title elementor-size-default\">PERSISTE &amp; PERS\u00c9V\u00e8RE<\/h2>\t\t<\/div>\n\t\t\t\t<\/div>\n\t\t\t\t\t<\/div>\n\t\t<\/div>\n\t\t\t\t\t<\/div>\n\t\t<\/section>\n\t\t\t\t<section class=\"elementor-section elementor-top-section elementor-element elementor-element-5139ea4 elementor-section-boxed elementor-section-height-default elementor-section-height-default\" data-id=\"5139ea4\" data-element_type=\"section\">\n\t\t\t\t\t\t<div class=\"elementor-container elementor-column-gap-default\">\n\t\t\t\t\t<div class=\"elementor-column elementor-col-100 elementor-top-column elementor-element elementor-element-3477eb3\" data-id=\"3477eb3\" data-element_type=\"column\">\n\t\t\t<div class=\"elementor-widget-wrap elementor-element-populated\">\n\t\t\t\t\t\t<div class=\"elementor-element elementor-element-d1b2976 elementor-widget elementor-widget-text-editor\" data-id=\"d1b2976\" data-element_type=\"widget\" data-widget_type=\"text-editor.default\">\n\t\t\t\t<div class=\"elementor-widget-container\">\n\t\t\t\t\t\t\t<p class=\"_04xlpA direction-ltr align-center para-style-body\"><span class=\"S1PPyQ\">Face \u00e0 nous m\u00eame, face \u00e0 nos choix,<br><\/span><span style=\"letter-spacing: -0.6px; background-color: transparent;\">nous nous retrouvons souvent face \u00e0<br><\/span><span style=\"background-color: transparent; letter-spacing: -0.6px;\">des obstacles qui nous freinent vers notre qu\u00eate<br><\/span><span style=\"background-color: transparent; letter-spacing: -0.6px;\">de notre bonheur et de libert\u00e9.<\/span><\/p>\n<p class=\"_04xlpA direction-ltr align-center para-style-body\">\n<\/p><p class=\"_04xlpA direction-ltr align-center para-style-body\"><span class=\"S1PPyQ\">Ce spectacle traite de notre facult\u00e9 de d\u00e9termination,<br><\/span><span style=\"letter-spacing: -0.6px; background-color: transparent;\">de pers\u00e9v\u00e9rance et de travail pour aboutir<br><\/span><span style=\"background-color: transparent; letter-spacing: -0.6px;\">\u00e0 un accomplissement personnel.<\/span><\/p>\t\t\t\t\t\t<\/div>\n\t\t\t\t<\/div>\n\t\t\t\t\t<\/div>\n\t\t<\/div>\n\t\t\t\t\t<\/div>\n\t\t<\/section>\n\t\t\t\t<\/div>\n\t\t","protected":false},"excerpt":{"rendered":"<p>2012 PERSISTE &amp; PERS\u00c9V\u00e8RE Face \u00e0 nous m\u00eame, face \u00e0 nos choix,nous nous retrouvons souvent face \u00e0des obstacles qui nous freinent vers notre qu\u00eatede notre bonheur et de libert\u00e9. Ce spectacle traite de notre facult\u00e9 de d\u00e9termination,de pers\u00e9v\u00e9rance et de travail pour aboutir\u00e0 un accomplissement personnel.<\/p>\n","protected":false},"author":1,"featured_media":0,"parent":0,"menu_order":0,"comment_status":"closed","ping_status":"closed","template":"","meta":{"_kad_post_transparent":"","_kad_post_title":"hide","_kad_post_layout":"fullwidth","_kad_post_sidebar_id":"","_kad_post_content_style":"unboxed","_kad_post_vertical_padding":"hide","_kad_post_feature":"hide","_kad_post_feature_position":"","_kad_post_header":false,"_kad_post_footer":false,"footnotes":""},"class_list":["post-1762","page","type-page","status-publish","hentry"],"_links":{"self":[{"href":"https:\/\/floriandaudedancestudio.com\/index.php\/wp-json\/wp\/v2\/pages\/1762","targetHints":{"allow":["GET"]}}],"collection":[{"href":"https:\/\/floriandaudedancestudio.com\/index.php\/wp-json\/wp\/v2\/pages"}],"about":[{"href":"https:\/\/floriandaudedancestudio.com\/index.php\/wp-json\/wp\/v2\/types\/page"}],"author":[{"embeddable":true,"href":"https:\/\/floriandaudedancestudio.com\/index.php\/wp-json\/wp\/v2\/users\/1"}],"replies":[{"embeddable":true,"href":"https:\/\/floriandaudedancestudio.com\/index.php\/wp-json\/wp\/v2\/comments?post=1762"}],"version-history":[{"count":4,"href":"https:\/\/floriandaudedancestudio.com\/index.php\/wp-json\/wp\/v2\/pages\/1762\/revisions"}],"predecessor-version":[{"id":1767,"href":"https:\/\/floriandaudedancestudio.com\/index.php\/wp-json\/wp\/v2\/pages\/1762\/revisions\/1767"}],"wp:attachment":[{"href":"https:\/\/floriandaudedancestudio.com\/index.php\/wp-json\/wp\/v2\/media?parent=1762"}],"curies":[{"name":"wp","href":"https:\/\/api.w.org\/{rel}","templated":true}]}}