{"id":2274,"date":"2024-06-27T14:22:12","date_gmt":"2024-06-27T12:22:12","guid":{"rendered":"https:\/\/floriandaudedancestudio.com\/?page_id=2274"},"modified":"2025-08-26T11:11:13","modified_gmt":"2025-08-26T09:11:13","slug":"2024-2","status":"publish","type":"page","link":"https:\/\/floriandaudedancestudio.com\/index.php\/2024-2\/","title":{"rendered":"2024"},"content":{"rendered":"\t\t<div data-elementor-type=\"wp-page\" data-elementor-id=\"2274\" class=\"elementor elementor-2274\">\n\t\t\t\t\t\t<section class=\"elementor-section elementor-top-section elementor-element elementor-element-9eb2045 elementor-section-boxed elementor-section-height-default elementor-section-height-default\" data-id=\"9eb2045\" data-element_type=\"section\">\n\t\t\t\t\t\t<div class=\"elementor-container elementor-column-gap-default\">\n\t\t\t\t\t<div class=\"elementor-column elementor-col-100 elementor-top-column elementor-element elementor-element-31fb25c\" data-id=\"31fb25c\" data-element_type=\"column\">\n\t\t\t<div class=\"elementor-widget-wrap elementor-element-populated\">\n\t\t\t\t\t\t<div class=\"elementor-element elementor-element-f536c1d elementor-widget elementor-widget-spacer\" data-id=\"f536c1d\" data-element_type=\"widget\" data-widget_type=\"spacer.default\">\n\t\t\t\t<div class=\"elementor-widget-container\">\n\t\t\t\t\t<div class=\"elementor-spacer\">\n\t\t\t<div class=\"elementor-spacer-inner\"><\/div>\n\t\t<\/div>\n\t\t\t\t<\/div>\n\t\t\t\t<\/div>\n\t\t\t\t<div class=\"elementor-element elementor-element-d7ecc19 elementor-widget elementor-widget-heading\" data-id=\"d7ecc19\" data-element_type=\"widget\" data-widget_type=\"heading.default\">\n\t\t\t\t<div class=\"elementor-widget-container\">\n\t\t\t<h2 class=\"elementor-heading-title elementor-size-default\">2024<\/h2>\t\t<\/div>\n\t\t\t\t<\/div>\n\t\t\t\t<div class=\"elementor-element elementor-element-7c6685d elementor-widget elementor-widget-heading\" data-id=\"7c6685d\" data-element_type=\"widget\" data-widget_type=\"heading.default\">\n\t\t\t\t<div class=\"elementor-widget-container\">\n\t\t\t<h2 class=\"elementor-heading-title elementor-size-default\">ACT II<div>THE golden night<\/div><\/h2>\t\t<\/div>\n\t\t\t\t<\/div>\n\t\t\t\t<div class=\"elementor-element elementor-element-ec54267 elementor-widget elementor-widget-spacer\" data-id=\"ec54267\" data-element_type=\"widget\" data-widget_type=\"spacer.default\">\n\t\t\t\t<div class=\"elementor-widget-container\">\n\t\t\t\t\t<div class=\"elementor-spacer\">\n\t\t\t<div class=\"elementor-spacer-inner\"><\/div>\n\t\t<\/div>\n\t\t\t\t<\/div>\n\t\t\t\t<\/div>\n\t\t\t\t\t<\/div>\n\t\t<\/div>\n\t\t\t\t\t<\/div>\n\t\t<\/section>\n\t\t\t\t<section class=\"elementor-section elementor-top-section elementor-element elementor-element-6dce08b elementor-section-boxed elementor-section-height-default elementor-section-height-default\" data-id=\"6dce08b\" data-element_type=\"section\">\n\t\t\t\t\t\t<div class=\"elementor-container elementor-column-gap-default\">\n\t\t\t\t\t<div class=\"elementor-column elementor-col-100 elementor-top-column elementor-element elementor-element-51b1974\" data-id=\"51b1974\" data-element_type=\"column\">\n\t\t\t<div class=\"elementor-widget-wrap elementor-element-populated\">\n\t\t\t\t\t\t<div class=\"elementor-element elementor-element-131476a elementor-widget elementor-widget-image\" data-id=\"131476a\" data-element_type=\"widget\" data-widget_type=\"image.default\">\n\t\t\t\t<div class=\"elementor-widget-container\">\n\t\t\t\t\t\t\t\t\t\t\t\t\t<img fetchpriority=\"high\" decoding=\"async\" width=\"1310\" height=\"2048\" src=\"https:\/\/floriandaudedancestudio.com\/wp-content\/uploads\/2023\/10\/AFFICHE-CUT-INSTAGRAM-e1719491511435-1310x2048.png\" class=\"attachment-2048x2048 size-2048x2048 wp-image-2132\" alt=\"\" srcset=\"https:\/\/floriandaudedancestudio.com\/wp-content\/uploads\/2023\/10\/AFFICHE-CUT-INSTAGRAM-e1719491511435-1310x2048.png 1310w, https:\/\/floriandaudedancestudio.com\/wp-content\/uploads\/2023\/10\/AFFICHE-CUT-INSTAGRAM-e1719491511435-192x300.png 192w, https:\/\/floriandaudedancestudio.com\/wp-content\/uploads\/2023\/10\/AFFICHE-CUT-INSTAGRAM-e1719491511435-655x1024.png 655w, https:\/\/floriandaudedancestudio.com\/wp-content\/uploads\/2023\/10\/AFFICHE-CUT-INSTAGRAM-e1719491511435-768x1200.png 768w, https:\/\/floriandaudedancestudio.com\/wp-content\/uploads\/2023\/10\/AFFICHE-CUT-INSTAGRAM-e1719491511435-983x1536.png 983w\" sizes=\"(max-width: 1310px) 100vw, 1310px\" \/>\t\t\t\t\t\t\t\t\t\t\t\t\t<\/div>\n\t\t\t\t<\/div>\n\t\t\t\t\t<\/div>\n\t\t<\/div>\n\t\t\t\t\t<\/div>\n\t\t<\/section>\n\t\t\t\t<section class=\"elementor-section elementor-top-section elementor-element elementor-element-87d28c8 elementor-section-boxed elementor-section-height-default elementor-section-height-default\" data-id=\"87d28c8\" data-element_type=\"section\">\n\t\t\t\t\t\t<div class=\"elementor-container elementor-column-gap-default\">\n\t\t\t\t\t<div class=\"elementor-column elementor-col-100 elementor-top-column elementor-element elementor-element-c232150\" data-id=\"c232150\" data-element_type=\"column\">\n\t\t\t<div class=\"elementor-widget-wrap elementor-element-populated\">\n\t\t\t\t\t\t<div class=\"elementor-element elementor-element-ac963fa elementor-widget elementor-widget-video\" data-id=\"ac963fa\" data-element_type=\"widget\" data-settings=\"{&quot;youtube_url&quot;:&quot;https:\\\/\\\/youtu.be\\\/neO4Zv-8xno&quot;,&quot;video_type&quot;:&quot;youtube&quot;,&quot;controls&quot;:&quot;yes&quot;}\" data-widget_type=\"video.default\">\n\t\t\t\t<div class=\"elementor-widget-container\">\n\t\t\t\t\t<div class=\"elementor-wrapper elementor-open-inline\">\n\t\t\t<div class=\"elementor-video\"><\/div>\t\t<\/div>\n\t\t\t\t<\/div>\n\t\t\t\t<\/div>\n\t\t\t\t\t<\/div>\n\t\t<\/div>\n\t\t\t\t\t<\/div>\n\t\t<\/section>\n\t\t\t\t<section class=\"elementor-section elementor-top-section elementor-element elementor-element-1b9e0e4 elementor-section-boxed elementor-section-height-default elementor-section-height-default\" data-id=\"1b9e0e4\" data-element_type=\"section\">\n\t\t\t\t\t\t<div class=\"elementor-container elementor-column-gap-default\">\n\t\t\t\t\t<div class=\"elementor-column elementor-col-100 elementor-top-column elementor-element elementor-element-ecb430a\" data-id=\"ecb430a\" data-element_type=\"column\">\n\t\t\t<div class=\"elementor-widget-wrap elementor-element-populated\">\n\t\t\t\t\t\t<div class=\"elementor-element elementor-element-ead735a elementor-widget elementor-widget-text-editor\" data-id=\"ead735a\" data-element_type=\"widget\" data-widget_type=\"text-editor.default\">\n\t\t\t\t<div class=\"elementor-widget-container\">\n\t\t\t\t\t\t\t<div class=\"xdj266r x11i5rnm xat24cr x1mh8g0r x1vvkbs x126k92a\"><div dir=\"auto\">Dans la finesse d&rsquo;un trait sur un visage,\u00a0<\/div><div dir=\"auto\">dans la courbe d\u00e9licate d&rsquo;un corps,<\/div><div dir=\"auto\">dans le frisson donn\u00e9 par la puissance d&rsquo;un regard,<\/div><div dir=\"auto\">ou dans l&rsquo;\u00e9clat d&rsquo;un sourire.<\/div><div dir=\"auto\">\u00a0<\/div><div dir=\"auto\">Dans la douceur d&rsquo;une voix,<\/div><div dir=\"auto\">dans la bienveillance d&rsquo;un mot, d\u2019un acte<\/div><div dir=\"auto\">ou dans la sagesse d&rsquo;une expression.<\/div><div dir=\"auto\">\u00a0<\/div><\/div><div class=\"x11i5rnm xat24cr x1mh8g0r x1vvkbs xtlvy1s x126k92a\"><div dir=\"auto\">Elle n&rsquo;est perceptible qu&rsquo;aux yeux de celui qui,<\/div><div dir=\"auto\">\u00e0 mille lieues de la comparaison ou de l&rsquo;\u00e9troitesse d&rsquo;esprit,<\/div><div dir=\"auto\">observe, contemple et l&rsquo;appr\u00e9cie \u00e0 sa juste valeur.<\/div><div dir=\"auto\">\u00a0<\/div><\/div><div class=\"x11i5rnm xat24cr x1mh8g0r x1vvkbs xtlvy1s x126k92a\"><div dir=\"auto\">Qu&rsquo;elle soit visuellement ostensible,\u00a0<\/div><div dir=\"auto\">physiquement ressentie<\/div><div dir=\"auto\">et \u00e9motionnellement \u00e9prouv\u00e9e,<\/div><div dir=\"auto\">en chaque \u00eatre ici bas, et par de multiples biais,<\/div><div dir=\"auto\">se dessinent l\u2019\u00e9clat, la gr\u00e2ce,<\/div><div dir=\"auto\">le charme et la splendeur.<\/div><div dir=\"auto\">\u00a0<\/div><\/div><div class=\"x11i5rnm xat24cr x1mh8g0r x1vvkbs xtlvy1s x126k92a\"><div dir=\"auto\">The golden night est une cr\u00e9ation chor\u00e9graphique<\/div><div dir=\"auto\">rendant hommage \u00e0 la beaut\u00e9 ext\u00e9rieure et int\u00e9rieure de l&rsquo;\u00eatre.<\/div><div dir=\"auto\">\u00a0<\/div><\/div><div class=\"x11i5rnm xat24cr x1mh8g0r x1vvkbs xtlvy1s x126k92a\"><div dir=\"auto\">Loin de la suffisance et de toute autre forme d\u2019\u00e9gocentrisme,<\/div><div dir=\"auto\">mais bien au coeur de la confiance et d\u2019un amour d\u00e9complex\u00e9<\/div><div dir=\"auto\">et inconditionnel envers soi m\u00eame.<\/div><div dir=\"auto\">\u00a0<\/div><\/div><div class=\"x11i5rnm xat24cr x1mh8g0r x1vvkbs xtlvy1s x126k92a\"><div dir=\"auto\">Un sanctuaire pour la libert\u00e9 qui pr\u00f4nent la valeur,<\/div><div dir=\"auto\">et le respect de soi.<\/div><div dir=\"auto\">\u00a0<\/div><div dir=\"auto\">Une c\u00e9l\u00e9bration des diff\u00e9rences<\/div><div dir=\"auto\">qui nous rendent si uniques et singuliers.<\/div><div dir=\"auto\">\u00a0<\/div><div dir=\"auto\"><p>Une valorisation de sa l\u00e9gitimit\u00e9 d\u2019exister.<\/p><p>Une affirmation de son individualit\u00e9.<\/p><p>Une glorification de l&rsquo;amour propre.<\/p><\/div><\/div><div class=\"x11i5rnm xat24cr x1mh8g0r x1vvkbs xtlvy1s x126k92a\"><div dir=\"auto\">\u00a0<\/div><div dir=\"auto\">Une v\u00e9n\u00e9ration de ce qui est pourtant<\/div><div dir=\"auto\">aux yeux de tous, si subjectif.<\/div><\/div><div class=\"x11i5rnm xat24cr x1mh8g0r x1vvkbs xtlvy1s x126k92a\"><div dir=\"auto\">\u00a0<\/div><div dir=\"auto\">Une lettre d\u2019amour \u00e0 soi, pour soi.<\/div><\/div>\t\t\t\t\t\t<\/div>\n\t\t\t\t<\/div>\n\t\t\t\t\t<\/div>\n\t\t<\/div>\n\t\t\t\t\t<\/div>\n\t\t<\/section>\n\t\t\t\t<\/div>\n\t\t","protected":false},"excerpt":{"rendered":"<p>2024 ACT IITHE golden night https:\/\/youtu.be\/neO4Zv-8xnoDans la finesse d&rsquo;un trait sur un visage,\u00a0dans la courbe d\u00e9licate d&rsquo;un corps,dans le frisson donn\u00e9 par la puissance d&rsquo;un regard,ou dans l&rsquo;\u00e9clat d&rsquo;un sourire.\u00a0Dans la douceur d&rsquo;une voix,dans la bienveillance d&rsquo;un mot, d\u2019un acteou dans la sagesse d&rsquo;une expression.\u00a0Elle n&rsquo;est perceptible qu&rsquo;aux yeux de celui qui,\u00e0 mille lieues de&#8230;<\/p>\n","protected":false},"author":1,"featured_media":0,"parent":0,"menu_order":0,"comment_status":"closed","ping_status":"closed","template":"","meta":{"_kad_post_transparent":"","_kad_post_title":"hide","_kad_post_layout":"fullwidth","_kad_post_sidebar_id":"","_kad_post_content_style":"unboxed","_kad_post_vertical_padding":"hide","_kad_post_feature":"hide","_kad_post_feature_position":"","_kad_post_header":false,"_kad_post_footer":false,"footnotes":""},"class_list":["post-2274","page","type-page","status-publish","hentry"],"_links":{"self":[{"href":"https:\/\/floriandaudedancestudio.com\/index.php\/wp-json\/wp\/v2\/pages\/2274","targetHints":{"allow":["GET"]}}],"collection":[{"href":"https:\/\/floriandaudedancestudio.com\/index.php\/wp-json\/wp\/v2\/pages"}],"about":[{"href":"https:\/\/floriandaudedancestudio.com\/index.php\/wp-json\/wp\/v2\/types\/page"}],"author":[{"embeddable":true,"href":"https:\/\/floriandaudedancestudio.com\/index.php\/wp-json\/wp\/v2\/users\/1"}],"replies":[{"embeddable":true,"href":"https:\/\/floriandaudedancestudio.com\/index.php\/wp-json\/wp\/v2\/comments?post=2274"}],"version-history":[{"count":28,"href":"https:\/\/floriandaudedancestudio.com\/index.php\/wp-json\/wp\/v2\/pages\/2274\/revisions"}],"predecessor-version":[{"id":2715,"href":"https:\/\/floriandaudedancestudio.com\/index.php\/wp-json\/wp\/v2\/pages\/2274\/revisions\/2715"}],"wp:attachment":[{"href":"https:\/\/floriandaudedancestudio.com\/index.php\/wp-json\/wp\/v2\/media?parent=2274"}],"curies":[{"name":"wp","href":"https:\/\/api.w.org\/{rel}","templated":true}]}}