{"id":2296,"date":"2024-06-27T14:41:45","date_gmt":"2024-06-27T12:41:45","guid":{"rendered":"https:\/\/floriandaudedancestudio.com\/?page_id=2296"},"modified":"2025-12-01T10:17:49","modified_gmt":"2025-12-01T09:17:49","slug":"2025-2","status":"publish","type":"page","link":"https:\/\/floriandaudedancestudio.com\/index.php\/2025-2\/","title":{"rendered":"2025"},"content":{"rendered":"\t\t<div data-elementor-type=\"wp-page\" data-elementor-id=\"2296\" class=\"elementor elementor-2296\">\n\t\t\t\t\t\t<section class=\"elementor-section elementor-top-section elementor-element elementor-element-6a59eb2 elementor-section-boxed elementor-section-height-default elementor-section-height-default\" data-id=\"6a59eb2\" data-element_type=\"section\">\n\t\t\t\t\t\t<div class=\"elementor-container elementor-column-gap-default\">\n\t\t\t\t\t<div class=\"elementor-column elementor-col-100 elementor-top-column elementor-element elementor-element-e90f251\" data-id=\"e90f251\" data-element_type=\"column\">\n\t\t\t<div class=\"elementor-widget-wrap elementor-element-populated\">\n\t\t\t\t\t\t<div class=\"elementor-element elementor-element-0a05813 elementor-widget elementor-widget-spacer\" data-id=\"0a05813\" data-element_type=\"widget\" data-widget_type=\"spacer.default\">\n\t\t\t\t<div class=\"elementor-widget-container\">\n\t\t\t\t\t<div class=\"elementor-spacer\">\n\t\t\t<div class=\"elementor-spacer-inner\"><\/div>\n\t\t<\/div>\n\t\t\t\t<\/div>\n\t\t\t\t<\/div>\n\t\t\t\t<div class=\"elementor-element elementor-element-74dcc2a elementor-widget elementor-widget-heading\" data-id=\"74dcc2a\" data-element_type=\"widget\" data-widget_type=\"heading.default\">\n\t\t\t\t<div class=\"elementor-widget-container\">\n\t\t\t<h2 class=\"elementor-heading-title elementor-size-default\">2025<\/h2>\t\t<\/div>\n\t\t\t\t<\/div>\n\t\t\t\t<div class=\"elementor-element elementor-element-72ffcc0 elementor-widget elementor-widget-heading\" data-id=\"72ffcc0\" data-element_type=\"widget\" data-widget_type=\"heading.default\">\n\t\t\t\t<div class=\"elementor-widget-container\">\n\t\t\t<h2 class=\"elementor-heading-title elementor-size-default\">the rebirth project<br><br>ACT III<br>THE DARK WOODS<\/h2>\t\t<\/div>\n\t\t\t\t<\/div>\n\t\t\t\t<div class=\"elementor-element elementor-element-f02782f elementor-widget-divider--view-line elementor-widget elementor-widget-divider\" data-id=\"f02782f\" data-element_type=\"widget\" data-widget_type=\"divider.default\">\n\t\t\t\t<div class=\"elementor-widget-container\">\n\t\t\t\t\t<div class=\"elementor-divider\">\n\t\t\t<span class=\"elementor-divider-separator\">\n\t\t\t\t\t\t<\/span>\n\t\t<\/div>\n\t\t\t\t<\/div>\n\t\t\t\t<\/div>\n\t\t\t\t\t<\/div>\n\t\t<\/div>\n\t\t\t\t\t<\/div>\n\t\t<\/section>\n\t\t\t\t<section class=\"elementor-section elementor-top-section elementor-element elementor-element-4fa09ad elementor-section-boxed elementor-section-height-default elementor-section-height-default\" data-id=\"4fa09ad\" data-element_type=\"section\">\n\t\t\t\t\t\t<div class=\"elementor-container elementor-column-gap-default\">\n\t\t\t\t\t<div class=\"elementor-column elementor-col-100 elementor-top-column elementor-element elementor-element-68cef6c\" data-id=\"68cef6c\" data-element_type=\"column\">\n\t\t\t<div class=\"elementor-widget-wrap elementor-element-populated\">\n\t\t\t\t\t\t<div class=\"elementor-element elementor-element-3eb05d7 elementor-widget elementor-widget-image\" data-id=\"3eb05d7\" data-element_type=\"widget\" data-widget_type=\"image.default\">\n\t\t\t\t<div class=\"elementor-widget-container\">\n\t\t\t\t\t\t\t\t\t\t\t\t\t<img fetchpriority=\"high\" decoding=\"async\" width=\"1323\" height=\"2048\" src=\"https:\/\/floriandaudedancestudio.com\/wp-content\/uploads\/2025\/05\/AFFICHE-CUT-INSTAGRAM-3-1323x2048.png\" class=\"attachment-2048x2048 size-2048x2048 wp-image-2540\" alt=\"\" srcset=\"https:\/\/floriandaudedancestudio.com\/wp-content\/uploads\/2025\/05\/AFFICHE-CUT-INSTAGRAM-3-1323x2048.png 1323w, https:\/\/floriandaudedancestudio.com\/wp-content\/uploads\/2025\/05\/AFFICHE-CUT-INSTAGRAM-3-194x300.png 194w, https:\/\/floriandaudedancestudio.com\/wp-content\/uploads\/2025\/05\/AFFICHE-CUT-INSTAGRAM-3-662x1024.png 662w, https:\/\/floriandaudedancestudio.com\/wp-content\/uploads\/2025\/05\/AFFICHE-CUT-INSTAGRAM-3-768x1189.png 768w, https:\/\/floriandaudedancestudio.com\/wp-content\/uploads\/2025\/05\/AFFICHE-CUT-INSTAGRAM-3-992x1536.png 992w, https:\/\/floriandaudedancestudio.com\/wp-content\/uploads\/2025\/05\/AFFICHE-CUT-INSTAGRAM-3-scaled.png 1654w\" sizes=\"(max-width: 1323px) 100vw, 1323px\" \/>\t\t\t\t\t\t\t\t\t\t\t\t\t<\/div>\n\t\t\t\t<\/div>\n\t\t\t\t\t<\/div>\n\t\t<\/div>\n\t\t\t\t\t<\/div>\n\t\t<\/section>\n\t\t\t\t<section class=\"elementor-section elementor-top-section elementor-element elementor-element-3edfd95 elementor-section-boxed elementor-section-height-default elementor-section-height-default\" data-id=\"3edfd95\" data-element_type=\"section\">\n\t\t\t\t\t\t<div class=\"elementor-container elementor-column-gap-default\">\n\t\t\t\t\t<div class=\"elementor-column elementor-col-100 elementor-top-column elementor-element elementor-element-86a1bac\" data-id=\"86a1bac\" data-element_type=\"column\">\n\t\t\t<div class=\"elementor-widget-wrap elementor-element-populated\">\n\t\t\t\t\t\t<div class=\"elementor-element elementor-element-73c7c68 elementor-widget elementor-widget-video\" data-id=\"73c7c68\" data-element_type=\"widget\" data-settings=\"{&quot;youtube_url&quot;:&quot;https:\\\/\\\/youtu.be\\\/vTnijWg1DTM&quot;,&quot;video_type&quot;:&quot;youtube&quot;,&quot;controls&quot;:&quot;yes&quot;}\" data-widget_type=\"video.default\">\n\t\t\t\t<div class=\"elementor-widget-container\">\n\t\t\t\t\t<div class=\"elementor-wrapper elementor-open-inline\">\n\t\t\t<div class=\"elementor-video\"><\/div>\t\t<\/div>\n\t\t\t\t<\/div>\n\t\t\t\t<\/div>\n\t\t\t\t\t<\/div>\n\t\t<\/div>\n\t\t\t\t\t<\/div>\n\t\t<\/section>\n\t\t\t\t<section class=\"elementor-section elementor-top-section elementor-element elementor-element-547cff5 elementor-section-boxed elementor-section-height-default elementor-section-height-default\" data-id=\"547cff5\" data-element_type=\"section\">\n\t\t\t\t\t\t<div class=\"elementor-container elementor-column-gap-default\">\n\t\t\t\t\t<div class=\"elementor-column elementor-col-100 elementor-top-column elementor-element elementor-element-661f9e8\" data-id=\"661f9e8\" data-element_type=\"column\">\n\t\t\t<div class=\"elementor-widget-wrap elementor-element-populated\">\n\t\t\t\t\t\t<div class=\"elementor-element elementor-element-bbbd302 elementor-widget elementor-widget-text-editor\" data-id=\"bbbd302\" data-element_type=\"widget\" data-widget_type=\"text-editor.default\">\n\t\t\t\t<div class=\"elementor-widget-container\">\n\t\t\t\t\t\t\t<p>Une for\u00eat dense et obscure.<br \/>Un sentier \u00e9troit et sinueux.<\/p><p>Telle est la m\u00e9taphore rattach\u00e9e au chemin tumultueux qu\u2019est la vie.<\/p><p>Berc\u00e9e par une m\u00e9lodie troublante et ponctu\u00e9e par les craquements sous nos pas.<\/p><p>Cette confrontation \u00e0 l\u2019inconnu,<br \/>qui nourrit notre peur autant que notre curiosit\u00e9.<\/p><p>Ces ombres dansantes faisant \u00e9cho \u00e0 nos doutes.<br \/>Ces nombreuses racines, symboles des obstacles \u00e0 surmonter.<\/p><p>A chaque pas, une \u00e9preuve, testant ainsi notre bienveillance et notre int\u00e9grit\u00e9.<\/p><p>Mais dans cette obscurit\u00e9,<br \/>cette une lueur d\u2019espoir.<\/p><p>Lueur qui s\u2019intensifie par la chaleur de nos liens,<br \/>par cette unit\u00e9 fragile mais puissante,<br \/>par les murmures \u00e9chang\u00e9s et par les mains tendues.<\/p><p>Devenant ainsi une lumi\u00e8re vacillante.<br \/>Nous guidant \u00e0 travers ce labyrinthe de t\u00e9n\u00e8bres.<\/p><p>Les \u00e9preuves nous forgent,<br \/>nous rapprochent.<\/p><p>Et dans cette communion de destins,<br \/>nous trouvons la force d\u2019avancer,<br \/>de poursuivre notre chemin.<span class=\"Apple-converted-space\">\u00a0<\/span><\/p><p>Ces ombres et cette peur deviennent alors des alli\u00e9es, des enseignantes.<\/p><p>R\u00e9v\u00e9lant la beaut\u00e9 cach\u00e9e dans les recoins les plus sombres de notre existence.<\/p>\t\t\t\t\t\t<\/div>\n\t\t\t\t<\/div>\n\t\t\t\t\t<\/div>\n\t\t<\/div>\n\t\t\t\t\t<\/div>\n\t\t<\/section>\n\t\t\t\t<\/div>\n\t\t","protected":false},"excerpt":{"rendered":"<p>2025 the rebirth project ACT IIITHE DARK WOODS https:\/\/youtu.be\/vTnijWg1DTM Une for\u00eat dense et obscure.Un sentier \u00e9troit et sinueux. Telle est la m\u00e9taphore rattach\u00e9e au chemin tumultueux qu\u2019est la vie. Berc\u00e9e par une m\u00e9lodie troublante et ponctu\u00e9e par les craquements sous nos pas. Cette confrontation \u00e0 l\u2019inconnu,qui nourrit notre peur autant que notre curiosit\u00e9. Ces ombres&#8230;<\/p>\n","protected":false},"author":1,"featured_media":0,"parent":0,"menu_order":0,"comment_status":"closed","ping_status":"closed","template":"","meta":{"_kad_post_transparent":"","_kad_post_title":"hide","_kad_post_layout":"fullwidth","_kad_post_sidebar_id":"","_kad_post_content_style":"unboxed","_kad_post_vertical_padding":"hide","_kad_post_feature":"hide","_kad_post_feature_position":"","_kad_post_header":false,"_kad_post_footer":false,"footnotes":""},"class_list":["post-2296","page","type-page","status-publish","hentry"],"_links":{"self":[{"href":"https:\/\/floriandaudedancestudio.com\/index.php\/wp-json\/wp\/v2\/pages\/2296","targetHints":{"allow":["GET"]}}],"collection":[{"href":"https:\/\/floriandaudedancestudio.com\/index.php\/wp-json\/wp\/v2\/pages"}],"about":[{"href":"https:\/\/floriandaudedancestudio.com\/index.php\/wp-json\/wp\/v2\/types\/page"}],"author":[{"embeddable":true,"href":"https:\/\/floriandaudedancestudio.com\/index.php\/wp-json\/wp\/v2\/users\/1"}],"replies":[{"embeddable":true,"href":"https:\/\/floriandaudedancestudio.com\/index.php\/wp-json\/wp\/v2\/comments?post=2296"}],"version-history":[{"count":28,"href":"https:\/\/floriandaudedancestudio.com\/index.php\/wp-json\/wp\/v2\/pages\/2296\/revisions"}],"predecessor-version":[{"id":2738,"href":"https:\/\/floriandaudedancestudio.com\/index.php\/wp-json\/wp\/v2\/pages\/2296\/revisions\/2738"}],"wp:attachment":[{"href":"https:\/\/floriandaudedancestudio.com\/index.php\/wp-json\/wp\/v2\/media?parent=2296"}],"curies":[{"name":"wp","href":"https:\/\/api.w.org\/{rel}","templated":true}]}}