{"id":2733,"date":"2025-12-01T10:16:44","date_gmt":"2025-12-01T09:16:44","guid":{"rendered":"https:\/\/floriandaudedancestudio.com\/?page_id=2733"},"modified":"2025-12-01T10:19:07","modified_gmt":"2025-12-01T09:19:07","slug":"2026-2","status":"publish","type":"page","link":"https:\/\/floriandaudedancestudio.com\/index.php\/2026-2\/","title":{"rendered":"2026"},"content":{"rendered":"\t\t<div data-elementor-type=\"wp-page\" data-elementor-id=\"2733\" class=\"elementor elementor-2733\">\n\t\t\t\t\t\t<section class=\"elementor-section elementor-top-section elementor-element elementor-element-bb9ded7 elementor-section-boxed elementor-section-height-default elementor-section-height-default\" data-id=\"bb9ded7\" data-element_type=\"section\">\n\t\t\t\t\t\t<div class=\"elementor-container elementor-column-gap-default\">\n\t\t\t\t\t<div class=\"elementor-column elementor-col-100 elementor-top-column elementor-element elementor-element-23ba130\" data-id=\"23ba130\" data-element_type=\"column\">\n\t\t\t<div class=\"elementor-widget-wrap elementor-element-populated\">\n\t\t\t\t\t\t<div class=\"elementor-element elementor-element-cb01e78 elementor-widget elementor-widget-spacer\" data-id=\"cb01e78\" data-element_type=\"widget\" data-widget_type=\"spacer.default\">\n\t\t\t\t<div class=\"elementor-widget-container\">\n\t\t\t\t\t<div class=\"elementor-spacer\">\n\t\t\t<div class=\"elementor-spacer-inner\"><\/div>\n\t\t<\/div>\n\t\t\t\t<\/div>\n\t\t\t\t<\/div>\n\t\t\t\t<div class=\"elementor-element elementor-element-2664731 elementor-widget elementor-widget-heading\" data-id=\"2664731\" data-element_type=\"widget\" data-widget_type=\"heading.default\">\n\t\t\t\t<div class=\"elementor-widget-container\">\n\t\t\t<h2 class=\"elementor-heading-title elementor-size-default\">2026<\/h2>\t\t<\/div>\n\t\t\t\t<\/div>\n\t\t\t\t<div class=\"elementor-element elementor-element-9873f24 elementor-widget elementor-widget-heading\" data-id=\"9873f24\" data-element_type=\"widget\" data-widget_type=\"heading.default\">\n\t\t\t\t<div class=\"elementor-widget-container\">\n\t\t\t<h2 class=\"elementor-heading-title elementor-size-default\">the human experience<br><br>chapitre I<br>THE Dinner<\/h2>\t\t<\/div>\n\t\t\t\t<\/div>\n\t\t\t\t<div class=\"elementor-element elementor-element-210d45c elementor-widget elementor-widget-image\" data-id=\"210d45c\" data-element_type=\"widget\" data-widget_type=\"image.default\">\n\t\t\t\t<div class=\"elementor-widget-container\">\n\t\t\t\t\t\t\t\t\t\t\t\t\t<img fetchpriority=\"high\" decoding=\"async\" width=\"1323\" height=\"2048\" src=\"https:\/\/floriandaudedancestudio.com\/wp-content\/uploads\/2025\/12\/Facetune_29-10-2025-16-14-22-1323x2048.jpg\" class=\"attachment-2048x2048 size-2048x2048 wp-image-2735\" alt=\"\" srcset=\"https:\/\/floriandaudedancestudio.com\/wp-content\/uploads\/2025\/12\/Facetune_29-10-2025-16-14-22-1323x2048.jpg 1323w, https:\/\/floriandaudedancestudio.com\/wp-content\/uploads\/2025\/12\/Facetune_29-10-2025-16-14-22-194x300.jpg 194w, https:\/\/floriandaudedancestudio.com\/wp-content\/uploads\/2025\/12\/Facetune_29-10-2025-16-14-22-662x1024.jpg 662w, https:\/\/floriandaudedancestudio.com\/wp-content\/uploads\/2025\/12\/Facetune_29-10-2025-16-14-22-768x1189.jpg 768w, https:\/\/floriandaudedancestudio.com\/wp-content\/uploads\/2025\/12\/Facetune_29-10-2025-16-14-22-992x1536.jpg 992w, https:\/\/floriandaudedancestudio.com\/wp-content\/uploads\/2025\/12\/Facetune_29-10-2025-16-14-22-scaled.jpg 1654w\" sizes=\"(max-width: 1323px) 100vw, 1323px\" \/>\t\t\t\t\t\t\t\t\t\t\t\t\t<\/div>\n\t\t\t\t<\/div>\n\t\t\t\t<div class=\"elementor-element elementor-element-1578115 elementor-widget-divider--view-line elementor-widget elementor-widget-divider\" data-id=\"1578115\" data-element_type=\"widget\" data-widget_type=\"divider.default\">\n\t\t\t\t<div class=\"elementor-widget-container\">\n\t\t\t\t\t<div class=\"elementor-divider\">\n\t\t\t<span class=\"elementor-divider-separator\">\n\t\t\t\t\t\t<\/span>\n\t\t<\/div>\n\t\t\t\t<\/div>\n\t\t\t\t<\/div>\n\t\t\t\t<div class=\"elementor-element elementor-element-3240a0b elementor-widget elementor-widget-text-editor\" data-id=\"3240a0b\" data-element_type=\"widget\" data-widget_type=\"text-editor.default\">\n\t\t\t\t<div class=\"elementor-widget-container\">\n\t\t\t\t\t\t\t<p>Et si un simple d\u00eener r\u00e9v\u00e9lait toute la complexit\u00e9 des relations humaines ?<\/p><p>Partager un repas, danser.<br \/>Deux gestes universels et symboliques.<\/p><p>Deux \u00e9lans capables de rassembler, de f\u00e9d\u00e9rer, d\u2019unir.<br \/>Deux fa\u00e7ons de dire \u201cnous\u201d.<br \/><br \/>Une table. Un festin. <br \/>Des corps \u00e9trangers, porteurs de leurs r\u00e9cits et de leurs silences.<\/p><p>Le mouvement devient langage.<br \/>Et le repas se r\u00e9v\u00e8le comme sc\u00e8ne.<\/p><p>Ensemble, ils racontent l\u2019essence du lien humain.<\/p>\t\t\t\t\t\t<\/div>\n\t\t\t\t<\/div>\n\t\t\t\t\t<\/div>\n\t\t<\/div>\n\t\t\t\t\t<\/div>\n\t\t<\/section>\n\t\t\t\t<\/div>\n\t\t","protected":false},"excerpt":{"rendered":"<p>2026 the human experience chapitre ITHE Dinner Et si un simple d\u00eener r\u00e9v\u00e9lait toute la complexit\u00e9 des relations humaines ? Partager un repas, danser.Deux gestes universels et symboliques. Deux \u00e9lans capables de rassembler, de f\u00e9d\u00e9rer, d\u2019unir.Deux fa\u00e7ons de dire \u201cnous\u201d. Une table. Un festin. Des corps \u00e9trangers, porteurs de leurs r\u00e9cits et de leurs silences&#8230;.<\/p>\n","protected":false},"author":1,"featured_media":0,"parent":0,"menu_order":0,"comment_status":"closed","ping_status":"closed","template":"","meta":{"_kad_post_transparent":"","_kad_post_title":"hide","_kad_post_layout":"fullwidth","_kad_post_sidebar_id":"","_kad_post_content_style":"unboxed","_kad_post_vertical_padding":"hide","_kad_post_feature":"hide","_kad_post_feature_position":"","_kad_post_header":false,"_kad_post_footer":false,"footnotes":""},"class_list":["post-2733","page","type-page","status-publish","hentry"],"_links":{"self":[{"href":"https:\/\/floriandaudedancestudio.com\/index.php\/wp-json\/wp\/v2\/pages\/2733","targetHints":{"allow":["GET"]}}],"collection":[{"href":"https:\/\/floriandaudedancestudio.com\/index.php\/wp-json\/wp\/v2\/pages"}],"about":[{"href":"https:\/\/floriandaudedancestudio.com\/index.php\/wp-json\/wp\/v2\/types\/page"}],"author":[{"embeddable":true,"href":"https:\/\/floriandaudedancestudio.com\/index.php\/wp-json\/wp\/v2\/users\/1"}],"replies":[{"embeddable":true,"href":"https:\/\/floriandaudedancestudio.com\/index.php\/wp-json\/wp\/v2\/comments?post=2733"}],"version-history":[{"count":4,"href":"https:\/\/floriandaudedancestudio.com\/index.php\/wp-json\/wp\/v2\/pages\/2733\/revisions"}],"predecessor-version":[{"id":2742,"href":"https:\/\/floriandaudedancestudio.com\/index.php\/wp-json\/wp\/v2\/pages\/2733\/revisions\/2742"}],"wp:attachment":[{"href":"https:\/\/floriandaudedancestudio.com\/index.php\/wp-json\/wp\/v2\/media?parent=2733"}],"curies":[{"name":"wp","href":"https:\/\/api.w.org\/{rel}","templated":true}]}}