{"id":598,"date":"2021-04-09T14:19:48","date_gmt":"2021-04-09T12:19:48","guid":{"rendered":"https:\/\/floriandaudedancestudio.com\/?page_id=598"},"modified":"2025-08-25T17:36:23","modified_gmt":"2025-08-25T15:36:23","slug":"inscriptions","status":"publish","type":"page","link":"https:\/\/floriandaudedancestudio.com\/index.php\/inscriptions\/","title":{"rendered":"INSCRIPTIONS"},"content":{"rendered":"\t\t<div data-elementor-type=\"wp-page\" data-elementor-id=\"598\" class=\"elementor elementor-598\">\n\t\t\t\t\t\t<section class=\"elementor-section elementor-top-section elementor-element elementor-element-3416edc elementor-section-boxed elementor-section-height-default elementor-section-height-default\" data-id=\"3416edc\" data-element_type=\"section\">\n\t\t\t\t\t\t<div class=\"elementor-container elementor-column-gap-default\">\n\t\t\t\t\t<div class=\"elementor-column elementor-col-100 elementor-top-column elementor-element elementor-element-7bdd95d\" data-id=\"7bdd95d\" data-element_type=\"column\">\n\t\t\t<div class=\"elementor-widget-wrap elementor-element-populated\">\n\t\t\t\t\t\t<div class=\"elementor-element elementor-element-630981f elementor-widget elementor-widget-spacer\" data-id=\"630981f\" data-element_type=\"widget\" data-widget_type=\"spacer.default\">\n\t\t\t\t<div class=\"elementor-widget-container\">\n\t\t\t\t\t<div class=\"elementor-spacer\">\n\t\t\t<div class=\"elementor-spacer-inner\"><\/div>\n\t\t<\/div>\n\t\t\t\t<\/div>\n\t\t\t\t<\/div>\n\t\t\t\t<div class=\"elementor-element elementor-element-937ec26 elementor-widget elementor-widget-heading\" data-id=\"937ec26\" data-element_type=\"widget\" data-widget_type=\"heading.default\">\n\t\t\t\t<div class=\"elementor-widget-container\">\n\t\t\t<h2 class=\"elementor-heading-title elementor-size-default\">inscriptions<\/h2>\t\t<\/div>\n\t\t\t\t<\/div>\n\t\t\t\t\t<\/div>\n\t\t<\/div>\n\t\t\t\t\t<\/div>\n\t\t<\/section>\n\t\t\t\t<section class=\"elementor-section elementor-top-section elementor-element elementor-element-f285eb9 elementor-section-boxed elementor-section-height-default elementor-section-height-default\" data-id=\"f285eb9\" data-element_type=\"section\">\n\t\t\t\t\t\t<div class=\"elementor-container elementor-column-gap-default\">\n\t\t\t\t\t<div class=\"elementor-column elementor-col-100 elementor-top-column elementor-element elementor-element-4b63970\" data-id=\"4b63970\" data-element_type=\"column\">\n\t\t\t<div class=\"elementor-widget-wrap elementor-element-populated\">\n\t\t\t\t\t\t<div class=\"elementor-element elementor-element-ea9c6ce elementor-widget elementor-widget-heading\" data-id=\"ea9c6ce\" data-element_type=\"widget\" data-widget_type=\"heading.default\">\n\t\t\t\t<div class=\"elementor-widget-container\">\n\t\t\t<h2 class=\"elementor-heading-title elementor-size-default\">SAISON 4<div>2025 | 2026<span style=\"letter-spacing: -0.8px;\"><\/span><\/div><\/h2>\t\t<\/div>\n\t\t\t\t<\/div>\n\t\t\t\t\t<\/div>\n\t\t<\/div>\n\t\t\t\t\t<\/div>\n\t\t<\/section>\n\t\t\t\t<section class=\"elementor-section elementor-top-section elementor-element elementor-element-8661687 elementor-section-boxed elementor-section-height-default elementor-section-height-default\" data-id=\"8661687\" data-element_type=\"section\">\n\t\t\t\t\t\t<div class=\"elementor-container elementor-column-gap-default\">\n\t\t\t\t\t<div class=\"elementor-column elementor-col-100 elementor-top-column elementor-element elementor-element-41e1c84\" data-id=\"41e1c84\" data-element_type=\"column\">\n\t\t\t<div class=\"elementor-widget-wrap elementor-element-populated\">\n\t\t\t\t\t\t<div class=\"elementor-element elementor-element-e001f27 elementor-widget elementor-widget-text-editor\" data-id=\"e001f27\" data-element_type=\"widget\" data-widget_type=\"text-editor.default\">\n\t\t\t\t<div class=\"elementor-widget-container\">\n\t\t\t\t\t\t\t<div>Par \u00e9thique et pour le bon fonctionnement de mon \u00e9tablissement,<\/div><div>je souhaite garder des effectifs rationnels.<\/div><div>\u00a0<\/div><div>Je mise sur l&rsquo;aspect qualitatif de mon travail,<\/div><div>une \u00e9volution individuelle cons\u00e9quente, et un cadre sain et \u00e9quilibr\u00e9 pour tous.<\/div><div>\u00a0<\/div><div>Je priorise toujours les \u00e9l\u00e8ves d\u00e9j\u00e0 inscrit au studio pour les r\u00e9inscriptions.<\/div><div>\u00a0<\/div><div>Puis, dans un second temps, je contacte les \u00e9l\u00e8ves qui ont \u00e9tabli des demandes<\/div><div>pour int\u00e9grer l&rsquo;\u00e9cole suite \u00e0 leur pr\u00e9sence sur de nombreux stages.<\/div><div>\u00a0<\/div><div>Il est capital pour moi, que vous puissiez comprendre ma fa\u00e7on d&rsquo;enseigner,<\/div><div><p>mon mode de fonctionnement ainsi que ma p\u00e9dagogie.<br \/><br \/><\/p><\/div><div>Important pour moi de pouvoir vous rencontrer,<\/div><div>d&rsquo;\u00e9valuer votre potentiel et de pouvoir \u00e9changer avec vous,<\/div><div><p>afin de vous proposer une place int\u00e9ressante et coh\u00e9rente au sein du studio.<br \/><br \/><\/p><\/div><p>les \u00e9l\u00e8ves actuels, ainsi que ceux qui ont \u00e9t\u00e9 pr\u00e9sents sur de nombreux stages<br \/>au cours des 2 ann\u00e9es pass\u00e9es ont suffi \u00e0 remplir l&rsquo;int\u00e9gralit\u00e9 des cours.<\/p><div>Par cons\u00e9quent, le studio ne proc\u00e9dera \u00e0 aucune inscription ext\u00e9rieure pour la saison 4.<\/div>\t\t\t\t\t\t<\/div>\n\t\t\t\t<\/div>\n\t\t\t\t\t<\/div>\n\t\t<\/div>\n\t\t\t\t\t<\/div>\n\t\t<\/section>\n\t\t\t\t<\/div>\n\t\t","protected":false},"excerpt":{"rendered":"<p>inscriptions SAISON 42025 | 2026 Par \u00e9thique et pour le bon fonctionnement de mon \u00e9tablissement,je souhaite garder des effectifs rationnels.\u00a0Je mise sur l&rsquo;aspect qualitatif de mon travail,une \u00e9volution individuelle cons\u00e9quente, et un cadre sain et \u00e9quilibr\u00e9 pour tous.\u00a0Je priorise toujours les \u00e9l\u00e8ves d\u00e9j\u00e0 inscrit au studio pour les r\u00e9inscriptions.\u00a0Puis, dans un second temps, je contacte&#8230;<\/p>\n","protected":false},"author":1,"featured_media":0,"parent":0,"menu_order":0,"comment_status":"closed","ping_status":"closed","template":"","meta":{"_kad_post_transparent":"","_kad_post_title":"hide","_kad_post_layout":"fullwidth","_kad_post_sidebar_id":"","_kad_post_content_style":"unboxed","_kad_post_vertical_padding":"hide","_kad_post_feature":"hide","_kad_post_feature_position":"","_kad_post_header":false,"_kad_post_footer":false,"footnotes":""},"class_list":["post-598","page","type-page","status-publish","hentry"],"_links":{"self":[{"href":"https:\/\/floriandaudedancestudio.com\/index.php\/wp-json\/wp\/v2\/pages\/598","targetHints":{"allow":["GET"]}}],"collection":[{"href":"https:\/\/floriandaudedancestudio.com\/index.php\/wp-json\/wp\/v2\/pages"}],"about":[{"href":"https:\/\/floriandaudedancestudio.com\/index.php\/wp-json\/wp\/v2\/types\/page"}],"author":[{"embeddable":true,"href":"https:\/\/floriandaudedancestudio.com\/index.php\/wp-json\/wp\/v2\/users\/1"}],"replies":[{"embeddable":true,"href":"https:\/\/floriandaudedancestudio.com\/index.php\/wp-json\/wp\/v2\/comments?post=598"}],"version-history":[{"count":289,"href":"https:\/\/floriandaudedancestudio.com\/index.php\/wp-json\/wp\/v2\/pages\/598\/revisions"}],"predecessor-version":[{"id":2669,"href":"https:\/\/floriandaudedancestudio.com\/index.php\/wp-json\/wp\/v2\/pages\/598\/revisions\/2669"}],"wp:attachment":[{"href":"https:\/\/floriandaudedancestudio.com\/index.php\/wp-json\/wp\/v2\/media?parent=598"}],"curies":[{"name":"wp","href":"https:\/\/api.w.org\/{rel}","templated":true}]}}